{"id":9,"date":"2022-01-16T18:36:00","date_gmt":"2022-01-16T17:36:00","guid":{"rendered":"http:\/\/domainemontrame.com\/?page_id=9"},"modified":"2024-01-03T11:41:05","modified_gmt":"2024-01-03T10:41:05","slug":"a-propos-de","status":"publish","type":"page","link":"https:\/\/domainemontrame.com\/","title":{"rendered":"Bonjour,"},"content":{"rendered":"\n<p><\/p>\n\n\n\n<p>Mont Ram\u00e9, c\u2019est une parcelle unique adoss\u00e9e \u00e0 une colline au-dessus de la vall\u00e9e. Dans un \u00e9crin de biodiversit\u00e9, la pratique du bio transforme les sols, la vitalit\u00e9 de la vigne et la qualit\u00e9 des raisins. Guid\u00e9 en permanence par son esprit familial, et toujours en qu\u00eate d&#8217;innovation et de qualit\u00e9, le domaine Mont Ram\u00e9 propose des vins d\u2019une grande typicit\u00e9.<\/p>\n\n\n\n<p><\/p>\n\n\n\n<p><\/p>\n\n\n\n<p><\/p>\n\n\n\n<p><\/p>\n","protected":false},"excerpt":{"rendered":"<p>Mont Ram\u00e9, c\u2019est une parcelle unique adoss\u00e9e \u00e0 une colline au-dessus de la vall\u00e9e. Dans un \u00e9crin de biodiversit\u00e9, la pratique du bio transforme les sols, la vitalit\u00e9 de la vigne et la qualit\u00e9 des raisins. Guid\u00e9 en permanence par son esprit familial, et toujours en qu\u00eate d&#8217;innovation et de qualit\u00e9, le domaine Mont Ram\u00e9 &hellip; <\/p>\n<p class=\"link-more\"><a href=\"https:\/\/domainemontrame.com\/\" class=\"more-link\">Read more<span class=\"screen-reader-text\"> &#8220;Bonjour,&#8221;<\/span><\/a><\/p>\n","protected":false},"author":1,"featured_media":0,"parent":0,"menu_order":0,"comment_status":"closed","ping_status":"closed","template":"","meta":[],"_links":{"self":[{"href":"https:\/\/domainemontrame.com\/index.php\/wp-json\/wp\/v2\/pages\/9"}],"collection":[{"href":"https:\/\/domainemontrame.com\/index.php\/wp-json\/wp\/v2\/pages"}],"about":[{"href":"https:\/\/domainemontrame.com\/index.php\/wp-json\/wp\/v2\/types\/page"}],"author":[{"embeddable":true,"href":"https:\/\/domainemontrame.com\/index.php\/wp-json\/wp\/v2\/users\/1"}],"replies":[{"embeddable":true,"href":"https:\/\/domainemontrame.com\/index.php\/wp-json\/wp\/v2\/comments?post=9"}],"version-history":[{"count":12,"href":"https:\/\/domainemontrame.com\/index.php\/wp-json\/wp\/v2\/pages\/9\/revisions"}],"predecessor-version":[{"id":131,"href":"https:\/\/domainemontrame.com\/index.php\/wp-json\/wp\/v2\/pages\/9\/revisions\/131"}],"wp:attachment":[{"href":"https:\/\/domainemontrame.com\/index.php\/wp-json\/wp\/v2\/media?parent=9"}],"curies":[{"name":"wp","href":"https:\/\/api.w.org\/{rel}","templated":true}]}}